{"id":4852,"date":"2023-08-14T16:33:34","date_gmt":"2023-08-14T16:33:34","guid":{"rendered":"https:\/\/arber32.al\/?post_type=product&#038;p=4852"},"modified":"2024-11-10T03:30:51","modified_gmt":"2024-11-10T03:30:51","slug":"roast-calf-beef-with-red-onion-apple-vinegar","status":"publish","type":"product","link":"https:\/\/arber32.al\/sq\/produkt\/roast-calf-beef-with-red-onion-apple-vinegar\/","title":{"rendered":"Rosto vi\u00e7i me qep\u00eb t\u00eb kuqe dhe uthull molle"},"content":{"rendered":"","protected":false},"excerpt":{"rendered":"","protected":false},"featured_media":0,"comment_status":"open","ping_status":"closed","template":"","meta":{"_mi_skip_tracking":false,"_monsterinsights_sitenote_active":false,"_monsterinsights_sitenote_note":"","_monsterinsights_sitenote_category":0},"product_cat":[60],"product_tag":[],"class_list":["post-4852","product","type-product","status-publish","hentry","product_cat-cold-appetizers"],"aioseo_notices":[],"_links":{"self":[{"href":"https:\/\/arber32.al\/sq\/wp-json\/wp\/v2\/product\/4852","targetHints":{"allow":["GET"]}}],"collection":[{"href":"https:\/\/arber32.al\/sq\/wp-json\/wp\/v2\/product"}],"about":[{"href":"https:\/\/arber32.al\/sq\/wp-json\/wp\/v2\/types\/product"}],"replies":[{"embeddable":true,"href":"https:\/\/arber32.al\/sq\/wp-json\/wp\/v2\/comments?post=4852"}],"wp:attachment":[{"href":"https:\/\/arber32.al\/sq\/wp-json\/wp\/v2\/media?parent=4852"}],"wp:term":[{"taxonomy":"product_cat","embeddable":true,"href":"https:\/\/arber32.al\/sq\/wp-json\/wp\/v2\/product_cat?post=4852"},{"taxonomy":"product_tag","embeddable":true,"href":"https:\/\/arber32.al\/sq\/wp-json\/wp\/v2\/product_tag?post=4852"}],"curies":[{"name":"wp","href":"https:\/\/api.w.org\/{rel}","templated":true}]}}