{"id":4853,"date":"2023-08-14T16:34:29","date_gmt":"2023-08-14T16:34:29","guid":{"rendered":"https:\/\/arber32.al\/?post_type=product&#038;p=4853"},"modified":"2024-11-09T22:02:09","modified_gmt":"2024-11-09T22:02:09","slug":"fresh-calf-carpaccio","status":"publish","type":"product","link":"https:\/\/arber32.al\/sq\/produkt\/fresh-calf-carpaccio\/","title":{"rendered":"Karpa\u00e7io vi\u00e7i e fresk\u00ebt"},"content":{"rendered":"","protected":false},"excerpt":{"rendered":"","protected":false},"featured_media":0,"comment_status":"open","ping_status":"closed","template":"","meta":{"_mi_skip_tracking":false,"_monsterinsights_sitenote_active":false,"_monsterinsights_sitenote_note":"","_monsterinsights_sitenote_category":0},"product_cat":[60],"product_tag":[],"class_list":["post-4853","product","type-product","status-publish","hentry","product_cat-cold-appetizers"],"aioseo_notices":[],"_links":{"self":[{"href":"https:\/\/arber32.al\/sq\/wp-json\/wp\/v2\/product\/4853","targetHints":{"allow":["GET"]}}],"collection":[{"href":"https:\/\/arber32.al\/sq\/wp-json\/wp\/v2\/product"}],"about":[{"href":"https:\/\/arber32.al\/sq\/wp-json\/wp\/v2\/types\/product"}],"replies":[{"embeddable":true,"href":"https:\/\/arber32.al\/sq\/wp-json\/wp\/v2\/comments?post=4853"}],"wp:attachment":[{"href":"https:\/\/arber32.al\/sq\/wp-json\/wp\/v2\/media?parent=4853"}],"wp:term":[{"taxonomy":"product_cat","embeddable":true,"href":"https:\/\/arber32.al\/sq\/wp-json\/wp\/v2\/product_cat?post=4853"},{"taxonomy":"product_tag","embeddable":true,"href":"https:\/\/arber32.al\/sq\/wp-json\/wp\/v2\/product_tag?post=4853"}],"curies":[{"name":"wp","href":"https:\/\/api.w.org\/{rel}","templated":true}]}}