{"id":5081,"date":"2024-02-21T08:25:50","date_gmt":"2024-02-21T08:25:50","guid":{"rendered":"https:\/\/arber32.al\/?post_type=product&#038;p=5081"},"modified":"2024-02-21T08:25:51","modified_gmt":"2024-02-21T08:25:51","slug":"giant-beans-baked-in-the-oven-with-vegetables","status":"publish","type":"product","link":"https:\/\/arber32.al\/sq\/produkt\/giant-beans-baked-in-the-oven-with-vegetables\/","title":{"rendered":"Fasulle pllaqi t\u00eb gatuara n\u00eb furr\u00eb me perime"},"content":{"rendered":"","protected":false},"excerpt":{"rendered":"","protected":false},"featured_media":0,"comment_status":"open","ping_status":"closed","template":"","meta":{"_mi_skip_tracking":false,"_monsterinsights_sitenote_active":false,"_monsterinsights_sitenote_note":"","_monsterinsights_sitenote_category":0},"product_cat":[61],"product_tag":[],"class_list":["post-5081","product","type-product","status-publish","hentry","product_cat-hot-appetizers"],"aioseo_notices":[],"_links":{"self":[{"href":"https:\/\/arber32.al\/sq\/wp-json\/wp\/v2\/product\/5081","targetHints":{"allow":["GET"]}}],"collection":[{"href":"https:\/\/arber32.al\/sq\/wp-json\/wp\/v2\/product"}],"about":[{"href":"https:\/\/arber32.al\/sq\/wp-json\/wp\/v2\/types\/product"}],"replies":[{"embeddable":true,"href":"https:\/\/arber32.al\/sq\/wp-json\/wp\/v2\/comments?post=5081"}],"wp:attachment":[{"href":"https:\/\/arber32.al\/sq\/wp-json\/wp\/v2\/media?parent=5081"}],"wp:term":[{"taxonomy":"product_cat","embeddable":true,"href":"https:\/\/arber32.al\/sq\/wp-json\/wp\/v2\/product_cat?post=5081"},{"taxonomy":"product_tag","embeddable":true,"href":"https:\/\/arber32.al\/sq\/wp-json\/wp\/v2\/product_tag?post=5081"}],"curies":[{"name":"wp","href":"https:\/\/api.w.org\/{rel}","templated":true}]}}