{"id":5083,"date":"2024-02-21T08:28:12","date_gmt":"2024-02-21T08:28:12","guid":{"rendered":"https:\/\/arber32.al\/?post_type=product&#038;p=5083"},"modified":"2024-02-21T20:05:00","modified_gmt":"2024-02-21T20:05:00","slug":"dolma-filled-with-rise-and-beef-meat","status":"publish","type":"product","link":"https:\/\/arber32.al\/sq\/produkt\/dolma-filled-with-rise-and-beef-meat\/","title":{"rendered":"Dollma me mish t\u00eb grir\u00eb vi\u00e7i dhe oriz"},"content":{"rendered":"","protected":false},"excerpt":{"rendered":"","protected":false},"featured_media":0,"comment_status":"open","ping_status":"closed","template":"","meta":{"_mi_skip_tracking":false,"_monsterinsights_sitenote_active":false,"_monsterinsights_sitenote_note":"","_monsterinsights_sitenote_category":0},"product_cat":[61],"product_tag":[],"class_list":["post-5083","product","type-product","status-publish","hentry","product_cat-hot-appetizers"],"aioseo_notices":[],"_links":{"self":[{"href":"https:\/\/arber32.al\/sq\/wp-json\/wp\/v2\/product\/5083","targetHints":{"allow":["GET"]}}],"collection":[{"href":"https:\/\/arber32.al\/sq\/wp-json\/wp\/v2\/product"}],"about":[{"href":"https:\/\/arber32.al\/sq\/wp-json\/wp\/v2\/types\/product"}],"replies":[{"embeddable":true,"href":"https:\/\/arber32.al\/sq\/wp-json\/wp\/v2\/comments?post=5083"}],"wp:attachment":[{"href":"https:\/\/arber32.al\/sq\/wp-json\/wp\/v2\/media?parent=5083"}],"wp:term":[{"taxonomy":"product_cat","embeddable":true,"href":"https:\/\/arber32.al\/sq\/wp-json\/wp\/v2\/product_cat?post=5083"},{"taxonomy":"product_tag","embeddable":true,"href":"https:\/\/arber32.al\/sq\/wp-json\/wp\/v2\/product_tag?post=5083"}],"curies":[{"name":"wp","href":"https:\/\/api.w.org\/{rel}","templated":true}]}}